{"id":14,"date":"2022-10-05T11:48:54","date_gmt":"2022-10-05T11:48:54","guid":{"rendered":"http:\/\/goldenerdrache-neustadt.de\/?page_id=14"},"modified":"2024-01-27T01:22:13","modified_gmt":"2024-01-27T00:22:13","slug":"unser-restaurant","status":"publish","type":"page","link":"https:\/\/goldenerdrache-neustadt.de\/en\/unser-restaurant\/","title":{"rendered":"About"},"content":{"rendered":"<div data-elementor-type=\"wp-page\" data-elementor-id=\"14\" class=\"elementor elementor-14\">\n\t\t\t\t\t\t<section class=\"elementor-section elementor-top-section elementor-element elementor-element-4acfd73 elementor-section-boxed elementor-section-height-default elementor-section-height-default\" data-id=\"4acfd73\" data-element_type=\"section\" data-e-type=\"section\" data-settings=\"{&quot;background_background&quot;:&quot;classic&quot;}\">\n\t\t\t\t\t\t<div class=\"elementor-container elementor-column-gap-default\">\n\t\t\t\t\t<div class=\"elementor-column elementor-col-33 elementor-top-column elementor-element elementor-element-87330b1\" data-id=\"87330b1\" data-element_type=\"column\" data-e-type=\"column\">\n\t\t\t<div class=\"elementor-widget-wrap elementor-element-populated\">\n\t\t\t\t\t\t<div class=\"elementor-element elementor-element-a7118d5 elementor-hidden-mobile elementor-invisible elementor-widget elementor-widget-htmega-scrollimage-addons\" data-id=\"a7118d5\" data-element_type=\"widget\" data-e-type=\"widget\" data-settings=\"{&quot;_animation&quot;:&quot;fadeIn&quot;}\" data-widget_type=\"htmega-scrollimage-addons.default\">\n\t\t\t\t<div class=\"elementor-widget-container\">\n\t\t\t\t\t            <div class=\"ht-scroll-image\" >\n                                <div class=\"ht-scroll-image-wrapper\">\n                    <div class=\"thumb\" style=\"background-image: url(https:\/\/goldenerdrache-neustadt.de\/wp-content\/uploads\/2022\/10\/Untitled-1-2-590x2048.jpg);\" >\n                                            <\/div>\n                <\/div>\n            <\/div>\n        \t\t\t\t<\/div>\n\t\t\t\t<\/div>\n\t\t\t\t\t<\/div>\n\t\t<\/div>\n\t\t\t\t<div class=\"elementor-column elementor-col-66 elementor-top-column elementor-element elementor-element-b80474c\" data-id=\"b80474c\" data-element_type=\"column\" data-e-type=\"column\">\n\t\t\t<div class=\"elementor-widget-wrap elementor-element-populated\">\n\t\t\t\t\t\t<div class=\"elementor-element elementor-element-14ca298 elementor-widget elementor-widget-text-editor\" data-id=\"14ca298\" data-element_type=\"widget\" data-e-type=\"widget\" data-widget_type=\"text-editor.default\">\n\t\t\t\t<div class=\"elementor-widget-container\">\n\t\t\t\t\t\t\t\t\t<p>About us...<\/p>\n<p>We warmly welcome you to our restaurant Golden Dragon!<\/p>\n<p>The Golden Dragon restaurant in Neustadt has been around since 1984. In our restaurant, we introduce you to the diversity of Asian cuisine on a daily basis and take the liberty of cooking dishes from other regions of East Asia for you in addition to traditional Cantonese specialties, which are known throughout the world for their freshness, harmony and composition.<\/p>\n<p>We wish you a pleasant and tasty stay with us!<\/p>\n<p>Your Golden Dragon Team<\/p>\t\t\t\t\t\t\t\t<\/div>\n\t\t\t\t<\/div>\n\t\t\t\t<div class=\"elementor-element elementor-element-850202c elementor-hidden-desktop elementor-hidden-tablet elementor-hidden-mobile elementor-widget elementor-widget-text-editor\" data-id=\"850202c\" data-element_type=\"widget\" data-e-type=\"widget\" data-widget_type=\"text-editor.default\">\n\t\t\t\t<div class=\"elementor-widget-container\">\n\t\t\t\t\t\t\t\t\t<p style=\"text-align: left;\">Looking for delicious authentic Chinese food? Looking for a cozy place for a drink or a bite to eat? Looking for a place for a special night out? In need of a quick and filling lunch? Casual dinner with a large group? We got you.<\/p><p>We are the Golden Dragon \u91d1\u9f8d: First floor of a brick building and in the heart of Neustadt since 1984 to suit your every mood. The restaurant's menu features new and longtime favorites from Guangdong and Sichuan, as well as unique and traditional dishes from other regions of China - food for every occasion, enjoyed in a space that is both elegant and warm, beautiful and inviting, intimate and vibrant.<\/p><p>You might eat too many dumplings at once.<br \/>You might hear a story that makes you cry.<br \/>You might spend hours eating dim sum and people-watching.<br \/>Your friends might make you laugh too hard.<br \/>You might eat something delicious that you've never tasted before.<br \/>You might argue with your brother over the last piece of roast duck.<br \/>You might drown your heartbreak in cup after cup of hot tea.<br \/>You might fall in love.<br \/>You might never want to leave.<\/p><p style=\"text-align: left;\">Anything can happen at Golden Dragon.<br \/>Meet me there?<\/p><p style=\"text-align: right;\">\u5403\u559d\u73a9\u6a02 (ch\u012bh\u0113 w\u00e1nl\u00e8)<br \/><br \/>eat, drink and be merry \u2013 Sam Wang<\/p>\t\t\t\t\t\t\t\t<\/div>\n\t\t\t\t<\/div>\n\t\t\t\t<section class=\"elementor-section elementor-inner-section elementor-element elementor-element-26fb34c elementor-section-boxed elementor-section-height-default elementor-section-height-default\" data-id=\"26fb34c\" data-element_type=\"section\" data-e-type=\"section\">\n\t\t\t\t\t\t<div class=\"elementor-container elementor-column-gap-default\">\n\t\t\t\t\t<div class=\"elementor-column elementor-col-50 elementor-inner-column elementor-element elementor-element-f812dc2\" data-id=\"f812dc2\" data-element_type=\"column\" data-e-type=\"column\">\n\t\t\t<div class=\"elementor-widget-wrap\">\n\t\t\t\t\t\t\t<\/div>\n\t\t<\/div>\n\t\t\t\t<div class=\"elementor-column elementor-col-50 elementor-inner-column elementor-element elementor-element-54af6ad\" data-id=\"54af6ad\" data-element_type=\"column\" data-e-type=\"column\">\n\t\t\t<div class=\"elementor-widget-wrap\">\n\t\t\t\t\t\t\t<\/div>\n\t\t<\/div>\n\t\t\t\t\t<\/div>\n\t\t<\/section>\n\t\t\t\t\t<\/div>\n\t\t<\/div>\n\t\t\t\t\t<\/div>\n\t\t<\/section>\n\t\t\t\t<\/div>","protected":false},"excerpt":{"rendered":"<p>Wir \u00fcber uns&#8230; Wir hei\u00dfen Sie herzlich bei uns im Restaurant Goldener Drache willkommen! Das Restaurant Goldener Drache in Neustadt gibt es schon seit 1984. In unserem Restaurant bringen wir Ihnen t\u00e4glich die Vielfalt der asiatischen K\u00fcche n\u00e4her und erlauben uns, neben den traditionellen kantonesichen Spezialit\u00e4ten, welche auf der ganzen Welt f\u00fcr ihre Frische, Harmonie [&hellip;]<\/p>\n","protected":false},"author":1,"featured_media":0,"parent":0,"menu_order":0,"comment_status":"closed","ping_status":"closed","template":"","meta":{"site-sidebar-layout":"no-sidebar","site-content-layout":"page-builder","ast-site-content-layout":"default","site-content-style":"default","site-sidebar-style":"default","ast-global-header-display":"","ast-banner-title-visibility":"","ast-main-header-display":"","ast-hfb-above-header-display":"","ast-hfb-below-header-display":"","ast-hfb-mobile-header-display":"","site-post-title":"disabled","ast-breadcrumbs-content":"","ast-featured-img":"disabled","footer-sml-layout":"","ast-disable-related-posts":"","theme-transparent-header-meta":"","adv-header-id-meta":"","stick-header-meta":"","header-above-stick-meta":"","header-main-stick-meta":"","header-below-stick-meta":"","astra-migrate-meta-layouts":"default","ast-page-background-enabled":"default","ast-page-background-meta":{"desktop":{"background-color":"var(--ast-global-color-4)","background-image":"","background-repeat":"repeat","background-position":"center center","background-size":"auto","background-attachment":"scroll","background-type":"","background-media":"","overlay-type":"","overlay-color":"","overlay-opacity":"","overlay-gradient":""},"tablet":{"background-color":"","background-image":"","background-repeat":"repeat","background-position":"center center","background-size":"auto","background-attachment":"scroll","background-type":"","background-media":"","overlay-type":"","overlay-color":"","overlay-opacity":"","overlay-gradient":""},"mobile":{"background-color":"","background-image":"","background-repeat":"repeat","background-position":"center center","background-size":"auto","background-attachment":"scroll","background-type":"","background-media":"","overlay-type":"","overlay-color":"","overlay-opacity":"","overlay-gradient":""}},"ast-content-background-meta":{"desktop":{"background-color":"var(--ast-global-color-5)","background-image":"","background-repeat":"repeat","background-position":"center center","background-size":"auto","background-attachment":"scroll","background-type":"","background-media":"","overlay-type":"","overlay-color":"","overlay-opacity":"","overlay-gradient":""},"tablet":{"background-color":"var(--ast-global-color-5)","background-image":"","background-repeat":"repeat","background-position":"center center","background-size":"auto","background-attachment":"scroll","background-type":"","background-media":"","overlay-type":"","overlay-color":"","overlay-opacity":"","overlay-gradient":""},"mobile":{"background-color":"var(--ast-global-color-5)","background-image":"","background-repeat":"repeat","background-position":"center center","background-size":"auto","background-attachment":"scroll","background-type":"","background-media":"","overlay-type":"","overlay-color":"","overlay-opacity":"","overlay-gradient":""}},"footnotes":""},"class_list":["post-14","page","type-page","status-publish","hentry"],"_links":{"self":[{"href":"https:\/\/goldenerdrache-neustadt.de\/en\/wp-json\/wp\/v2\/pages\/14","targetHints":{"allow":["GET"]}}],"collection":[{"href":"https:\/\/goldenerdrache-neustadt.de\/en\/wp-json\/wp\/v2\/pages"}],"about":[{"href":"https:\/\/goldenerdrache-neustadt.de\/en\/wp-json\/wp\/v2\/types\/page"}],"author":[{"embeddable":true,"href":"https:\/\/goldenerdrache-neustadt.de\/en\/wp-json\/wp\/v2\/users\/1"}],"replies":[{"embeddable":true,"href":"https:\/\/goldenerdrache-neustadt.de\/en\/wp-json\/wp\/v2\/comments?post=14"}],"version-history":[{"count":0,"href":"https:\/\/goldenerdrache-neustadt.de\/en\/wp-json\/wp\/v2\/pages\/14\/revisions"}],"wp:attachment":[{"href":"https:\/\/goldenerdrache-neustadt.de\/en\/wp-json\/wp\/v2\/media?parent=14"}],"curies":[{"name":"wp","href":"https:\/\/api.w.org\/{rel}","templated":true}]}}